{"id":767,"date":"2024-04-05T10:51:39","date_gmt":"2024-04-05T13:51:39","guid":{"rendered":"https:\/\/tebasconsultoria.net.br\/atendimento\/?page_id=767"},"modified":"2025-02-20T08:57:27","modified_gmt":"2025-02-20T11:57:27","slug":"reset-senha","status":"publish","type":"page","link":"https:\/\/tebasconsultoria.net.br\/atendimento\/reset-senha\/","title":{"rendered":"Reset Senha"},"content":{"rendered":"\t\t<div data-elementor-type=\"wp-page\" data-elementor-id=\"767\" class=\"elementor elementor-767\" data-elementor-post-type=\"page\">\n\t\t\t\t<div class=\"elementor-element elementor-element-54ba341 e-con-full elementor-hidden-tablet elementor-hidden-mobile e-flex e-con e-parent\" data-id=\"54ba341\" data-element_type=\"container\" data-settings=\"{&quot;background_background&quot;:&quot;classic&quot;,&quot;jet_parallax_layout_list&quot;:[]}\">\n\t\t<div class=\"elementor-element elementor-element-4773370 e-con-full e-flex e-con e-child\" data-id=\"4773370\" data-element_type=\"container\" data-settings=\"{&quot;jet_parallax_layout_list&quot;:[]}\">\n\t\t\t\t<div class=\"elementor-element elementor-element-19973e1 elementor-widget elementor-widget-image\" data-id=\"19973e1\" data-element_type=\"widget\" data-widget_type=\"image.default\">\n\t\t\t\t<div class=\"elementor-widget-container\">\n\t\t\t\t\t\t\t\t\t\t\t\t\t\t\t<img fetchpriority=\"high\" decoding=\"async\" width=\"800\" height=\"149\" src=\"https:\/\/tebasconsultoria.net.br\/atendimento\/wp-content\/uploads\/2024\/03\/logo-menu-1024x191.png\" class=\"attachment-large size-large wp-image-287\" alt=\"\" srcset=\"https:\/\/tebasconsultoria.net.br\/atendimento\/wp-content\/uploads\/2024\/03\/logo-menu-1024x191.png 1024w, https:\/\/tebasconsultoria.net.br\/atendimento\/wp-content\/uploads\/2024\/03\/logo-menu-300x56.png 300w, https:\/\/tebasconsultoria.net.br\/atendimento\/wp-content\/uploads\/2024\/03\/logo-menu-768x144.png 768w, https:\/\/tebasconsultoria.net.br\/atendimento\/wp-content\/uploads\/2024\/03\/logo-menu-1536x287.png 1536w, https:\/\/tebasconsultoria.net.br\/atendimento\/wp-content\/uploads\/2024\/03\/logo-menu-2048x383.png 2048w\" sizes=\"(max-width: 800px) 100vw, 800px\" \/>\t\t\t\t\t\t\t\t\t\t\t\t\t\t\t<\/div>\n\t\t\t\t<\/div>\n\t\t\t\t<div class=\"elementor-element elementor-element-5e75a00 elementor-widget elementor-widget-heading\" data-id=\"5e75a00\" data-element_type=\"widget\" data-widget_type=\"heading.default\">\n\t\t\t\t<div class=\"elementor-widget-container\">\n\t\t\t\t\t<h2 class=\"elementor-heading-title elementor-size-default\">Esqueceu a Senha?<\/h2>\t\t\t\t<\/div>\n\t\t\t\t<\/div>\n\t\t\t\t<div class=\"elementor-element elementor-element-cd43a64 elementor-widget-divider--view-line elementor-widget elementor-widget-divider\" data-id=\"cd43a64\" data-element_type=\"widget\" data-widget_type=\"divider.default\">\n\t\t\t\t<div class=\"elementor-widget-container\">\n\t\t\t\t\t\t\t<div class=\"elementor-divider\">\n\t\t\t<span class=\"elementor-divider-separator\">\n\t\t\t\t\t\t<\/span>\n\t\t<\/div>\n\t\t\t\t\t\t<\/div>\n\t\t\t\t<\/div>\n\t\t\t\t<div class=\"elementor-element elementor-element-a28ad03 elementor-widget elementor-widget-jet-reset\" data-id=\"a28ad03\" data-element_type=\"widget\" data-widget_type=\"jet-reset.default\">\n\t\t\t\t<div class=\"elementor-widget-container\">\n\t\t\t\t\t\n<div class=\"jet-reset\">\n\n\t\n\t\n\t<form id=\"lostpasswordform\" class=\"jet-reset__form\" name=\"lostpasswordform\" method=\"post\">\n\n\t\t\n\t\t\n\t\t\t<div class=\"jet-reset__form-text\">\n\t\t\t\t<p>Por favor, insira seu endere\u00e7o de e-mail ou nome de usu\u00e1rio. Voc\u00ea receber\u00e1 um link para criar uma nova senha por email.<\/p>\n\t\t\t<\/div>\n\n\t\t\n\t\t<p class=\"jet_reset__user-info\">\n\n\t\t\t<label for=\"jet_reset_user_info\">Endere\u00e7o de Email ou Usu\u00e1rio<\/label>\n\t\t\t<input class=\"input\" type=\"text\" name=\"jet_reset_user_info\" id=\"jet_reset_user_info\">\n\n\t\t<\/p>\n\n\t\t<div class=\"jet-reset__submit\">\n\n\t\t\t<input type=\"hidden\" id=\"jet_reset_nonce\" name=\"jet_reset_nonce\" value=\"b1fe96b73e\" \/><input type=\"hidden\" name=\"_wp_http_referer\" value=\"\/atendimento\/wp-json\/wp\/v2\/pages\/767\" \/>\t\t\t<input type=\"hidden\" name=\"submitted\" id=\"submitted\" value=\"true\">\n\t\t\t<input type=\"hidden\" name=\"jet_reset_action\" id=\"jet_reset_post_action\" value=\"jet_reset_lost_pass\">\n\t\t\t<button type=\"submit\" id=\"jet-reset-pass-submit\" name=\"jet-reset-pass-submit\" class=\"button button-primary jet-reset__button \">Resetar Senha<\/button>\n\n\t\t<\/div>\n\n\t<\/form>\n\n\t\n<\/div>\t\t\t\t<\/div>\n\t\t\t\t<\/div>\n\t\t\t\t<\/div>\n\t\t<div class=\"elementor-element elementor-element-f2c012e e-con-full e-flex e-con e-child\" data-id=\"f2c012e\" data-element_type=\"container\" data-settings=\"{&quot;background_background&quot;:&quot;classic&quot;,&quot;jet_parallax_layout_list&quot;:[]}\">\n\t\t\t\t<\/div>\n\t\t\t\t<\/div>\n\t\t\t\t<\/div>\n\t\t","protected":false},"excerpt":{"rendered":"<p>Esqueceu a Senha? Por favor, insira seu endere\u00e7o de e-mail ou nome de usu\u00e1rio. Voc\u00ea receber\u00e1 um link para criar uma nova senha por email. Endere\u00e7o de Email ou Usu\u00e1rio Resetar Senha<\/p>\n","protected":false},"author":1,"featured_media":0,"parent":0,"menu_order":0,"comment_status":"closed","ping_status":"closed","template":"elementor_canvas","meta":{"footnotes":""},"class_list":["post-767","page","type-page","status-publish","hentry"],"_links":{"self":[{"href":"https:\/\/tebasconsultoria.net.br\/atendimento\/wp-json\/wp\/v2\/pages\/767","targetHints":{"allow":["GET"]}}],"collection":[{"href":"https:\/\/tebasconsultoria.net.br\/atendimento\/wp-json\/wp\/v2\/pages"}],"about":[{"href":"https:\/\/tebasconsultoria.net.br\/atendimento\/wp-json\/wp\/v2\/types\/page"}],"author":[{"embeddable":true,"href":"https:\/\/tebasconsultoria.net.br\/atendimento\/wp-json\/wp\/v2\/users\/1"}],"replies":[{"embeddable":true,"href":"https:\/\/tebasconsultoria.net.br\/atendimento\/wp-json\/wp\/v2\/comments?post=767"}],"version-history":[{"count":7,"href":"https:\/\/tebasconsultoria.net.br\/atendimento\/wp-json\/wp\/v2\/pages\/767\/revisions"}],"predecessor-version":[{"id":825,"href":"https:\/\/tebasconsultoria.net.br\/atendimento\/wp-json\/wp\/v2\/pages\/767\/revisions\/825"}],"wp:attachment":[{"href":"https:\/\/tebasconsultoria.net.br\/atendimento\/wp-json\/wp\/v2\/media?parent=767"}],"curies":[{"name":"wp","href":"https:\/\/api.w.org\/{rel}","templated":true}]}}