{"id":527,"date":"2024-03-18T03:46:56","date_gmt":"2024-03-18T06:46:56","guid":{"rendered":"http:\/\/localhost:10064\/?page_id=527"},"modified":"2025-02-19T10:52:05","modified_gmt":"2025-02-19T13:52:05","slug":"formulario-de-cadastro","status":"publish","type":"page","link":"https:\/\/tebasconsultoria.net.br\/atendimento\/formulario-de-cadastro\/","title":{"rendered":"Formul\u00e1rio de Cadastro"},"content":{"rendered":"\t\t<div data-elementor-type=\"wp-page\" data-elementor-id=\"527\" class=\"elementor elementor-527\" data-elementor-post-type=\"page\">\n\t\t\t\t<div class=\"elementor-element elementor-element-66e5996 e-con-full e-flex e-con e-parent\" data-id=\"66e5996\" data-element_type=\"container\" data-settings=\"{&quot;background_background&quot;:&quot;classic&quot;,&quot;jet_parallax_layout_list&quot;:[]}\">\n\t\t<div class=\"elementor-element elementor-element-9557546 e-con-full e-flex e-con e-child\" data-id=\"9557546\" data-element_type=\"container\" data-settings=\"{&quot;jet_parallax_layout_list&quot;:[]}\">\n\t\t\t\t<div class=\"elementor-element elementor-element-57b5c94 elementor-widget elementor-widget-image\" data-id=\"57b5c94\" data-element_type=\"widget\" data-widget_type=\"image.default\">\n\t\t\t\t<div class=\"elementor-widget-container\">\n\t\t\t\t\t\t\t\t\t\t\t\t\t\t\t<img fetchpriority=\"high\" decoding=\"async\" width=\"800\" height=\"149\" src=\"https:\/\/tebasconsultoria.net.br\/atendimento\/wp-content\/uploads\/2024\/03\/logo-menu-1024x191.png\" class=\"attachment-large size-large wp-image-287\" alt=\"\" srcset=\"https:\/\/tebasconsultoria.net.br\/atendimento\/wp-content\/uploads\/2024\/03\/logo-menu-1024x191.png 1024w, https:\/\/tebasconsultoria.net.br\/atendimento\/wp-content\/uploads\/2024\/03\/logo-menu-300x56.png 300w, https:\/\/tebasconsultoria.net.br\/atendimento\/wp-content\/uploads\/2024\/03\/logo-menu-768x144.png 768w, https:\/\/tebasconsultoria.net.br\/atendimento\/wp-content\/uploads\/2024\/03\/logo-menu-1536x287.png 1536w, https:\/\/tebasconsultoria.net.br\/atendimento\/wp-content\/uploads\/2024\/03\/logo-menu-2048x383.png 2048w\" sizes=\"(max-width: 800px) 100vw, 800px\" \/>\t\t\t\t\t\t\t\t\t\t\t\t\t\t\t<\/div>\n\t\t\t\t<\/div>\n\t\t\t\t<div class=\"elementor-element elementor-element-49d1b31 elementor-widget elementor-widget-heading\" data-id=\"49d1b31\" data-element_type=\"widget\" data-widget_type=\"heading.default\">\n\t\t\t\t<div class=\"elementor-widget-container\">\n\t\t\t\t\t<h2 class=\"elementor-heading-title elementor-size-default\">Registro de Usu\u00e1rio<\/h2>\t\t\t\t<\/div>\n\t\t\t\t<\/div>\n\t\t\t\t<div class=\"elementor-element elementor-element-201eee7 elementor-widget-divider--view-line elementor-widget elementor-widget-divider\" data-id=\"201eee7\" data-element_type=\"widget\" data-widget_type=\"divider.default\">\n\t\t\t\t<div class=\"elementor-widget-container\">\n\t\t\t\t\t\t\t<div class=\"elementor-divider\">\n\t\t\t<span class=\"elementor-divider-separator\">\n\t\t\t\t\t\t<\/span>\n\t\t<\/div>\n\t\t\t\t\t\t<\/div>\n\t\t\t\t<\/div>\n\t\t\t\t<div class=\"elementor-element elementor-element-ffe9f3f elementor-widget__width-initial elementor-invisible elementor-widget elementor-widget-jet-form-builder-form\" data-id=\"ffe9f3f\" data-element_type=\"widget\" data-settings=\"{&quot;_animation&quot;:&quot;fadeInLeft&quot;}\" data-widget_type=\"jet-form-builder-form.default\">\n\t\t\t\t<div class=\"elementor-widget-container\">\n\t\t\t\t\t<link rel='stylesheet' id='wp-block-library-css' href='https:\/\/tebasconsultoria.net.br\/atendimento\/wp-includes\/css\/dist\/block-library\/style.min.css?ver=6.9.4' media='all' \/>\n<style id=\"jet-form-builder-515-inline-css\"><\/style><form  class=\"jet-form-builder layout-column submit-type-ajax\" action=\"https:\/\/tebasconsultoria.net.br\/atendimento\/wp-json\/wp\/v2\/pages\/527\/?jet_form_builder_submit=submit&amp;method=reload\" method=\"POST\" data-form-id=\"515\" data-layout=\"column\" enctype=\"multipart\/form-data\" novalidate=\"null\">\r\n<input type=\"hidden\" name=\"_jfb_current_render_states[]\" value=\"DEFAULT.STATE\" data-jfb-sync \/><input type=\"hidden\" class=\"jet-form-builder__field hidden-field\" name=\"_jet_engine_booking_form_id\" data-field-name=\"_jet_engine_booking_form_id\" value=\"515\">\n<input type=\"hidden\" class=\"jet-form-builder__field hidden-field\" name=\"_jet_engine_refer\" data-field-name=\"_jet_engine_refer\" value=\"https:\/\/tebasconsultoria.net.br\/atendimento\/wp-json\/wp\/v2\/pages\/527\/\">\n<input type=\"hidden\" class=\"jet-form-builder__field hidden-field\" name=\"__queried_post_id\" data-field-name=\"__queried_post_id\" value=\"527\">\n<div  class=\"jet-form-builder-row field-type-text-field\" >\n<div class=\"jet-form-builder__field-wrap\">\n\t<input placeholder=\"Nome de Usu\u00e1rio\" required=\"required\" name=\"usuario\" id=\"usuario\" type=\"text\" data-field-name=\"usuario\" class=\"jet-form-builder__field text-field\" data-jfb-sync=\"null\">\n<\/div>\n<\/div>\n\n<div  class=\"jet-form-builder-row field-type-text-field\" >\n<div class=\"jet-form-builder__field-wrap\">\n\t<input placeholder=\"Email\" required=\"required\" name=\"email\" id=\"email\" type=\"email\" data-field-name=\"email\" class=\"jet-form-builder__field text-field\" data-jfb-sync=\"null\">\n<\/div>\n<\/div>\n\n<div  class=\"jet-form-builder-row field-type-text-field\" >\n<div class=\"jet-form-builder__field-wrap\">\n\t<input placeholder=\"Sua Cidade - UF\" required=\"required\" name=\"cidade_usuario\" id=\"cidade_usuario\" type=\"text\" data-field-name=\"cidade_usuario\" class=\"jet-form-builder__field text-field\" data-jfb-sync=\"null\">\n<\/div>\n<\/div>\n\n<div  class=\"jet-form-builder-row field-type-text-field\" >\n<div class=\"jet-form-builder__field-wrap\">\n\t<input placeholder=\"Cargo\/Fun\u00e7\u00e3o\" required=\"required\" name=\"cargo_funcao_usuario\" id=\"cargo_funcao_usuario\" type=\"text\" data-field-name=\"cargo_funcao_usuario\" class=\"jet-form-builder__field text-field\" data-jfb-sync=\"null\">\n<\/div>\n<\/div>\n\n<div  class=\"jet-form-builder-row field-type-text-field\" >\n<div class=\"jet-form-builder__field-wrap\">\n\t<input placeholder=\"Senha\" required=\"required\" name=\"Senha\" id=\"Senha\" type=\"password\" data-field-name=\"Senha\" class=\"jet-form-builder__field text-field\" data-jfb-sync=\"null\">\n<\/div>\n<\/div>\n\n<div  class=\"jet-form-builder-row field-type-text-field\" >\n<div class=\"jet-form-builder__field-wrap\">\n\t<input placeholder=\"Confirmar Senha\" required=\"required\" name=\"Confirmar_Senha\" id=\"Confirmar_Senha\" type=\"password\" data-field-name=\"Confirmar_Senha\" class=\"jet-form-builder__field text-field\" data-jfb-sync=\"null\">\n<\/div>\n<\/div>\n\n<div  class=\"jet-form-builder-row field-type-submit-field\" >\n\t<div data-type=\"submit\" class=\"jet-form-builder__action-button-wrapper jet-form-builder__submit-wrap\">\n\t<button class=\"jet-form-builder__action-button jet-form-builder__submit submit-type-ajax\" type=\"submit\">Registrar<\/button>\n\t<\/div>\n\t\n<\/div>\t<div class=\"jet-form-builder-messages-wrap\" data-form-id=\"515\"><\/div>\n<\/form>\n\t\t\t\t<\/div>\n\t\t\t\t<\/div>\n\t\t\t\t<div class=\"elementor-element elementor-element-3c4267b elementor-widget elementor-widget-jet-auth-links\" data-id=\"3c4267b\" data-element_type=\"widget\" data-widget_type=\"jet-auth-links.default\">\n\t\t\t\t<div class=\"elementor-widget-container\">\n\t\t\t\t\t<div class=\"elementor-jet-auth-links jet-blocks\"><div class=\"jet-auth-links\"><div class=\"jet-auth-links__section jet-auth-links__login\">\n\t<div class=\"jet-auth-links__prefix\">J\u00e1 tem uma conta? <\/div>\t<a class=\"jet-auth-links__item\" href=\"https:\/\/tebasconsultoria.net.br\/atendimento\/\"><span class=\"jet-auth-links__item-icon jet-blocks-icon\"><i aria-hidden=\"true\" class=\"fas fa-sign-in-alt\"><\/i><\/span><span class=\"jet-auth-links__item-text\">Entre<\/span><\/a>\n<\/div><\/div>\n<\/div>\t\t\t\t<\/div>\n\t\t\t\t<\/div>\n\t\t\t\t<\/div>\n\t\t<div class=\"elementor-element elementor-element-7e7a84c e-con-full e-flex e-con e-child\" data-id=\"7e7a84c\" data-element_type=\"container\" data-settings=\"{&quot;background_background&quot;:&quot;classic&quot;,&quot;jet_parallax_layout_list&quot;:[]}\">\n\t\t\t\t<\/div>\n\t\t\t\t<\/div>\n\t\t\t\t<\/div>\n\t\t","protected":false},"excerpt":{"rendered":"<p>Registro de Usu\u00e1rio Registrar J\u00e1 tem uma conta? Entre J\u00e1 tem uma conta? Login<\/p>\n","protected":false},"author":1,"featured_media":0,"parent":0,"menu_order":0,"comment_status":"closed","ping_status":"closed","template":"elementor_canvas","meta":{"footnotes":""},"class_list":["post-527","page","type-page","status-publish","hentry"],"_links":{"self":[{"href":"https:\/\/tebasconsultoria.net.br\/atendimento\/wp-json\/wp\/v2\/pages\/527","targetHints":{"allow":["GET"]}}],"collection":[{"href":"https:\/\/tebasconsultoria.net.br\/atendimento\/wp-json\/wp\/v2\/pages"}],"about":[{"href":"https:\/\/tebasconsultoria.net.br\/atendimento\/wp-json\/wp\/v2\/types\/page"}],"author":[{"embeddable":true,"href":"https:\/\/tebasconsultoria.net.br\/atendimento\/wp-json\/wp\/v2\/users\/1"}],"replies":[{"embeddable":true,"href":"https:\/\/tebasconsultoria.net.br\/atendimento\/wp-json\/wp\/v2\/comments?post=527"}],"version-history":[{"count":34,"href":"https:\/\/tebasconsultoria.net.br\/atendimento\/wp-json\/wp\/v2\/pages\/527\/revisions"}],"predecessor-version":[{"id":796,"href":"https:\/\/tebasconsultoria.net.br\/atendimento\/wp-json\/wp\/v2\/pages\/527\/revisions\/796"}],"wp:attachment":[{"href":"https:\/\/tebasconsultoria.net.br\/atendimento\/wp-json\/wp\/v2\/media?parent=527"}],"curies":[{"name":"wp","href":"https:\/\/api.w.org\/{rel}","templated":true}]}}