{"id":12,"date":"2024-03-15T15:03:39","date_gmt":"2024-03-15T18:03:39","guid":{"rendered":"http:\/\/localhost:10064\/?page_id=12"},"modified":"2025-02-20T09:00:22","modified_gmt":"2025-02-20T12:00:22","slug":"inicio","status":"publish","type":"page","link":"https:\/\/tebasconsultoria.net.br\/atendimento\/","title":{"rendered":"In\u00edcio"},"content":{"rendered":"\t\t<div data-elementor-type=\"wp-page\" data-elementor-id=\"12\" class=\"elementor elementor-12\" data-elementor-post-type=\"page\">\n\t\t\t\t<div class=\"elementor-element elementor-element-c54f082 e-con-full elementor-hidden-tablet elementor-hidden-mobile e-flex e-con e-parent\" data-id=\"c54f082\" data-element_type=\"container\" data-settings=\"{&quot;background_background&quot;:&quot;classic&quot;,&quot;jet_parallax_layout_list&quot;:[]}\">\n\t\t<div class=\"elementor-element elementor-element-f2d5ab6 e-con-full e-flex e-con e-child\" data-id=\"f2d5ab6\" data-element_type=\"container\" data-settings=\"{&quot;jet_parallax_layout_list&quot;:[]}\">\n\t\t\t\t<div class=\"elementor-element elementor-element-e554ecd elementor-widget elementor-widget-image\" data-id=\"e554ecd\" data-element_type=\"widget\" data-widget_type=\"image.default\">\n\t\t\t\t<div class=\"elementor-widget-container\">\n\t\t\t\t\t\t\t\t\t\t\t\t\t\t\t<img fetchpriority=\"high\" decoding=\"async\" width=\"800\" height=\"149\" src=\"https:\/\/tebasconsultoria.net.br\/atendimento\/wp-content\/uploads\/2024\/03\/logo-menu-1024x191.png\" class=\"attachment-large size-large wp-image-287\" alt=\"\" srcset=\"https:\/\/tebasconsultoria.net.br\/atendimento\/wp-content\/uploads\/2024\/03\/logo-menu-1024x191.png 1024w, https:\/\/tebasconsultoria.net.br\/atendimento\/wp-content\/uploads\/2024\/03\/logo-menu-300x56.png 300w, https:\/\/tebasconsultoria.net.br\/atendimento\/wp-content\/uploads\/2024\/03\/logo-menu-768x144.png 768w, https:\/\/tebasconsultoria.net.br\/atendimento\/wp-content\/uploads\/2024\/03\/logo-menu-1536x287.png 1536w, https:\/\/tebasconsultoria.net.br\/atendimento\/wp-content\/uploads\/2024\/03\/logo-menu-2048x383.png 2048w\" sizes=\"(max-width: 800px) 100vw, 800px\" \/>\t\t\t\t\t\t\t\t\t\t\t\t\t\t\t<\/div>\n\t\t\t\t<\/div>\n\t\t\t\t<div class=\"elementor-element elementor-element-8d7e0d9 elementor-widget elementor-widget-heading\" data-id=\"8d7e0d9\" data-element_type=\"widget\" data-widget_type=\"heading.default\">\n\t\t\t\t<div class=\"elementor-widget-container\">\n\t\t\t\t\t<h2 class=\"elementor-heading-title elementor-size-default\">Login de Usu\u00e1rio<\/h2>\t\t\t\t<\/div>\n\t\t\t\t<\/div>\n\t\t\t\t<div class=\"elementor-element elementor-element-4af21db elementor-widget-divider--view-line elementor-widget elementor-widget-divider\" data-id=\"4af21db\" data-element_type=\"widget\" data-widget_type=\"divider.default\">\n\t\t\t\t<div class=\"elementor-widget-container\">\n\t\t\t\t\t\t\t<div class=\"elementor-divider\">\n\t\t\t<span class=\"elementor-divider-separator\">\n\t\t\t\t\t\t<\/span>\n\t\t<\/div>\n\t\t\t\t\t\t<\/div>\n\t\t\t\t<\/div>\n\t\t\t\t<div class=\"elementor-element elementor-element-b3d6750 elementor-invisible elementor-widget elementor-widget-jet-login\" data-id=\"b3d6750\" data-element_type=\"widget\" data-settings=\"{&quot;_animation&quot;:&quot;fadeInLeft&quot;}\" data-widget_type=\"jet-login.default\">\n\t\t\t\t<div class=\"elementor-widget-container\">\n\t\t\t\t\t<div class=\"elementor-jet-login jet-blocks\"><div class=\"jet-login\"><form name=\"loginform\" id=\"loginform\"  method=\"post\"><p class=\"login-username\">\n\t\t\t\t<label for=\"user_login\"><\/label>\n\t\t\t\t<input type=\"text\" name=\"log\" id=\"user_login\" placeholder=\"Usu\u00e1rio ou Email\" autocomplete=\"username\" class=\"input\" value=\"\" size=\"20\" \/>\n\t\t\t<\/p><p class=\"login-password\">\n\t\t\t\t<label for=\"user_pass\"><\/label>\n\t\t\t\t<p class=\"login-password__wrapper\"><input type=\"password\" name=\"pwd\" id=\"user_pass\" placeholder=\"Senha\" autocomplete=\"current-password\" spellcheck=\"false\" class=\"input\" value=\"\" size=\"20\" \/>\n\t\t\t<svg xmlns=\"http:\/\/www.w3.org\/2000\/svg\" aria-hidden=\"true\" class=\"e-font-icon-svg e-far-eye password-visibility__icon password-visibility__icon--show show\" viewBox=\"0 0 576 512\">\n\t\t\t\t<path d=\"M288 144a110.94 110.94 0 0 0-31.24 5 55.4 55.4 0 0 1 7.24 27 56 56 0 0 1-56 56 55.4 55.4 0 0 1-27-7.24A111.71 111.71 0 1 0 288 144zm284.52 97.4C518.29 135.59 410.93 64 288 64S57.68 135.64 3.48 241.41a32.35 32.35 0 0 0 0 29.19C57.71 376.41 165.07 448 288 448s230.32-71.64 284.52-177.41a32.35 32.35 0 0 0 0-29.19zM288 400c-98.65 0-189.09-55-237.93-144C98.91 167 189.34 112 288 112s189.09 55 237.93 144C477.1 345 386.66 400 288 400z\"><\/path>\n\t\t\t<\/svg>\n\t\t\t<svg xmlns=\"http:\/\/www.w3.org\/2000\/svg\" aria-hidden=\"true\" class=\"e-font-icon-svg e-far-eye-slash password-visibility__icon password-visibility__icon--hide\" viewBox=\"0 0 640 512\">\n\t\t\t\t<path d=\"M634 471L36 3.51A16 16 0 0 0 13.51 6l-10 12.49A16 16 0 0 0 6 41l598 467.49a16 16 0 0 0 22.49-2.49l10-12.49A16 16 0 0 0 634 471zM296.79 146.47l134.79 105.38C429.36 191.91 380.48 144 320 144a112.26 112.26 0 0 0-23.21 2.47zm46.42 219.07L208.42 260.16C210.65 320.09 259.53 368 320 368a113 113 0 0 0 23.21-2.46zM320 112c98.65 0 189.09 55 237.93 144a285.53 285.53 0 0 1-44 60.2l37.74 29.5a333.7 333.7 0 0 0 52.9-75.11 32.35 32.35 0 0 0 0-29.19C550.29 135.59 442.93 64 320 64c-36.7 0-71.71 7-104.63 18.81l46.41 36.29c18.94-4.3 38.34-7.1 58.22-7.1zm0 288c-98.65 0-189.08-55-237.93-144a285.47 285.47 0 0 1 44.05-60.19l-37.74-29.5a333.6 333.6 0 0 0-52.89 75.1 32.35 32.35 0 0 0 0 29.19C89.72 376.41 197.08 448 320 448c36.7 0 71.71-7.05 104.63-18.81l-46.41-36.28C359.28 397.2 339.89 400 320 400z\"><\/path>\n\t\t\t<\/svg><\/p>\n\t\t\t<\/p><p class=\"login-remember\"><label><input name=\"rememberme\" type=\"checkbox\" id=\"rememberme\" value=\"forever\" \/> Lembrar-me<\/label><\/p><p class=\"login-submit\">\n\t\t\t\t<input type=\"submit\" name=\"wp-submit\" id=\"wp-submit\" class=\"button button-primary\" value=\"Log In\" \/>\n\t\t\t\t<input type=\"hidden\" name=\"redirect_to\" value=\"https:\/\/tebasconsultoria.net.br\/atendimento\/sistema\/\" \/>\n\t\t\t<\/p><input type=\"hidden\" name=\"jet_login\" value=\"1\"><\/form><\/div><\/div>\t\t\t\t<\/div>\n\t\t\t\t<\/div>\n\t\t\t\t<div class=\"elementor-element elementor-element-e0efce0 elementor-widget elementor-widget-heading\" data-id=\"e0efce0\" data-element_type=\"widget\" data-widget_type=\"heading.default\">\n\t\t\t\t<div class=\"elementor-widget-container\">\n\t\t\t\t\t<h6 class=\"elementor-heading-title elementor-size-default\"><a href=\"https:\/\/tebasconsultoria.net.br\/atendimento\/reset-senha\/\">Esqueceu a senha?<\/a><\/h6>\t\t\t\t<\/div>\n\t\t\t\t<\/div>\n\t\t\t\t<div class=\"elementor-element elementor-element-2ee4e21 elementor-widget elementor-widget-jet-auth-links\" data-id=\"2ee4e21\" data-element_type=\"widget\" data-widget_type=\"jet-auth-links.default\">\n\t\t\t\t<div class=\"elementor-widget-container\">\n\t\t\t\t\t<div class=\"elementor-jet-auth-links jet-blocks\"><div class=\"jet-auth-links\"><div class=\"jet-auth-links__section jet-auth-links__register\">\n\t<div class=\"jet-auth-links__prefix\">N\u00e3o tem uma conta?<\/div>\t<a class=\"jet-auth-links__item\" href=\"https:\/\/tebasconsultoria.net.br\/atendimento\/formulario-de-cadastro\/\"><span class=\"jet-auth-links__item-icon jet-blocks-icon\"><i aria-hidden=\"true\" class=\"fas fa-user-plus\"><\/i><\/span><span class=\"jet-auth-links__item-text\">Registre-se!<\/span><\/a>\n<\/div><\/div>\n<\/div>\t\t\t\t<\/div>\n\t\t\t\t<\/div>\n\t\t<div class=\"elementor-element elementor-element-cf860c9 e-con-full e-flex elementor-invisible e-con e-child\" data-id=\"cf860c9\" data-element_type=\"container\" data-settings=\"{&quot;animation&quot;:&quot;fadeInUp&quot;,&quot;animation_delay&quot;:500,&quot;jet_parallax_layout_list&quot;:[]}\">\n\t\t\t\t<div class=\"elementor-element elementor-element-ca9a686 elementor-widget elementor-widget-jet-auth-links\" data-id=\"ca9a686\" data-element_type=\"widget\" data-widget_type=\"jet-auth-links.default\">\n\t\t\t\t<div class=\"elementor-widget-container\">\n\t\t\t\t\t<div class=\"elementor-jet-auth-links jet-blocks\"><div class=\"jet-auth-links\"><\/div>\n<\/div>\t\t\t\t<\/div>\n\t\t\t\t<\/div>\n\t\t\t\t<\/div>\n\t\t\t\t<\/div>\n\t\t<div class=\"elementor-element elementor-element-338d800 e-con-full e-flex e-con e-child\" data-id=\"338d800\" data-element_type=\"container\" data-settings=\"{&quot;background_background&quot;:&quot;classic&quot;,&quot;jet_parallax_layout_list&quot;:[]}\">\n\t\t\t\t<\/div>\n\t\t\t\t<\/div>\n\t\t<div class=\"elementor-element elementor-element-460b6c2 e-con-full elementor-hidden-desktop e-flex e-con e-parent\" data-id=\"460b6c2\" data-element_type=\"container\" data-settings=\"{&quot;background_background&quot;:&quot;classic&quot;,&quot;jet_parallax_layout_list&quot;:[]}\">\n\t\t\t\t<div class=\"elementor-element elementor-element-e2cddb7 elementor-widget elementor-widget-image\" data-id=\"e2cddb7\" data-element_type=\"widget\" data-widget_type=\"image.default\">\n\t\t\t\t<div class=\"elementor-widget-container\">\n\t\t\t\t\t\t\t\t\t\t\t\t\t\t\t<img decoding=\"async\" width=\"800\" height=\"149\" src=\"https:\/\/tebasconsultoria.net.br\/atendimento\/wp-content\/uploads\/2024\/04\/logo-menu-1024x191.png\" class=\"attachment-large size-large wp-image-744\" alt=\"\" srcset=\"https:\/\/tebasconsultoria.net.br\/atendimento\/wp-content\/uploads\/2024\/04\/logo-menu-1024x191.png 1024w, https:\/\/tebasconsultoria.net.br\/atendimento\/wp-content\/uploads\/2024\/04\/logo-menu-300x56.png 300w, https:\/\/tebasconsultoria.net.br\/atendimento\/wp-content\/uploads\/2024\/04\/logo-menu-768x144.png 768w, https:\/\/tebasconsultoria.net.br\/atendimento\/wp-content\/uploads\/2024\/04\/logo-menu-1536x287.png 1536w, https:\/\/tebasconsultoria.net.br\/atendimento\/wp-content\/uploads\/2024\/04\/logo-menu-2048x383.png 2048w\" sizes=\"(max-width: 800px) 100vw, 800px\" \/>\t\t\t\t\t\t\t\t\t\t\t\t\t\t\t<\/div>\n\t\t\t\t<\/div>\n\t\t\t\t<div class=\"elementor-element elementor-element-faa3d4b elementor-widget elementor-widget-heading\" data-id=\"faa3d4b\" data-element_type=\"widget\" data-widget_type=\"heading.default\">\n\t\t\t\t<div class=\"elementor-widget-container\">\n\t\t\t\t\t<h2 class=\"elementor-heading-title elementor-size-default\">Ol\u00e1.<br>\nPara uma melhor usabilidade, acesse nosso sistema via desktop\/PC.\n<br>\nObrigado.<\/h2>\t\t\t\t<\/div>\n\t\t\t\t<\/div>\n\t\t\t\t<\/div>\n\t\t\t\t<\/div>\n\t\t","protected":false},"excerpt":{"rendered":"<p>Login de Usu\u00e1rio Lembrar-me Esqueceu a senha? N\u00e3o tem uma conta? Registre-se! Painel de Controle Sair Ol\u00e1. Para uma melhor usabilidade, acesse nosso sistema via desktop\/PC. Obrigado.<\/p>\n","protected":false},"author":1,"featured_media":0,"parent":0,"menu_order":0,"comment_status":"closed","ping_status":"closed","template":"elementor_canvas","meta":{"footnotes":""},"class_list":["post-12","page","type-page","status-publish","hentry"],"_links":{"self":[{"href":"https:\/\/tebasconsultoria.net.br\/atendimento\/wp-json\/wp\/v2\/pages\/12","targetHints":{"allow":["GET"]}}],"collection":[{"href":"https:\/\/tebasconsultoria.net.br\/atendimento\/wp-json\/wp\/v2\/pages"}],"about":[{"href":"https:\/\/tebasconsultoria.net.br\/atendimento\/wp-json\/wp\/v2\/types\/page"}],"author":[{"embeddable":true,"href":"https:\/\/tebasconsultoria.net.br\/atendimento\/wp-json\/wp\/v2\/users\/1"}],"replies":[{"embeddable":true,"href":"https:\/\/tebasconsultoria.net.br\/atendimento\/wp-json\/wp\/v2\/comments?post=12"}],"version-history":[{"count":178,"href":"https:\/\/tebasconsultoria.net.br\/atendimento\/wp-json\/wp\/v2\/pages\/12\/revisions"}],"predecessor-version":[{"id":831,"href":"https:\/\/tebasconsultoria.net.br\/atendimento\/wp-json\/wp\/v2\/pages\/12\/revisions\/831"}],"wp:attachment":[{"href":"https:\/\/tebasconsultoria.net.br\/atendimento\/wp-json\/wp\/v2\/media?parent=12"}],"curies":[{"name":"wp","href":"https:\/\/api.w.org\/{rel}","templated":true}]}}